{"id":6282,"date":"2022-08-05T15:00:54","date_gmt":"2022-08-05T18:00:54","guid":{"rendered":"http:\/\/imagemajato.com.br\/?post_type=product&#038;p=6282"},"modified":"2025-07-24T03:26:20","modified_gmt":"2025-07-24T06:26:20","slug":"camiseta-infantil-personalizavel-1-a-6-anos","status":"publish","type":"product","link":"https:\/\/imagemajato.com.br\/index.php\/produto\/camiseta-infantil-personalizavel-1-a-6-anos\/","title":{"rendered":"Camiseta Infantil 1 a 6 anos &#8211; Personaliz\u00e1vel"},"content":{"rendered":"<p>Camiseta em poliester. Voc\u00ea pode customizar com centenas de imagens\/desenhos a sua camiseta.<br \/>\nVoc\u00ea pode tamb\u00e9m enviar a imagem\/desenho do seu desejo para customizar. As camisetas de cor escura s\u00e3o customizadas com OBM.<br \/>\nVoc\u00ea pode adicionar imagem na frente ou nas costas da camiseta.<\/p>\n<p>No memu, ao lado direito quando estiver customizando tem uma camiseta em miniatura com uma seta para cima e outra seta para baixo, ali voc\u00ea escolhe a frente ou costas da camiseta e adiciona a imagem.<br \/>\nPara outras cores\/op\u00e7\u00f5es consulte atrav\u00e9s do whatsapp<\/p>\n","protected":false},"excerpt":{"rendered":"<p><img fetchpriority=\"high\" decoding=\"async\" class=\"alignnone size-medium wp-image-6708\" src=\"http:\/\/imagemajato.com.br\/wp-content\/uploads\/2019\/12\/Medidas-camisa-infanto-juvenil-235x300.jpg\" alt=\"\" width=\"235\" height=\"300\" srcset=\"https:\/\/imagemajato.com.br\/wp-content\/uploads\/2019\/12\/Medidas-camisa-infanto-juvenil-235x300.jpg 235w, https:\/\/imagemajato.com.br\/wp-content\/uploads\/2019\/12\/Medidas-camisa-infanto-juvenil-600x766.jpg 600w, https:\/\/imagemajato.com.br\/wp-content\/uploads\/2019\/12\/Medidas-camisa-infanto-juvenil-768x980.jpg 768w, https:\/\/imagemajato.com.br\/wp-content\/uploads\/2019\/12\/Medidas-camisa-infanto-juvenil-802x1024.jpg 802w, https:\/\/imagemajato.com.br\/wp-content\/uploads\/2019\/12\/Medidas-camisa-infanto-juvenil.jpg 1182w\" sizes=\"(max-width: 235px) 100vw, 235px\" \/><\/p>\n","protected":false},"featured_media":16355,"comment_status":"open","ping_status":"closed","template":"","meta":{"inline_featured_image":false},"product_cat":[19],"product_tag":[],"class_list":{"0":"post-6282","1":"product","2":"type-product","3":"status-publish","4":"has-post-thumbnail","6":"product_cat-tshirts","8":"first","9":"instock","10":"purchasable","11":"product-type-variable"},"_links":{"self":[{"href":"https:\/\/imagemajato.com.br\/index.php\/wp-json\/wp\/v2\/product\/6282","targetHints":{"allow":["GET"]}}],"collection":[{"href":"https:\/\/imagemajato.com.br\/index.php\/wp-json\/wp\/v2\/product"}],"about":[{"href":"https:\/\/imagemajato.com.br\/index.php\/wp-json\/wp\/v2\/types\/product"}],"replies":[{"embeddable":true,"href":"https:\/\/imagemajato.com.br\/index.php\/wp-json\/wp\/v2\/comments?post=6282"}],"wp:featuredmedia":[{"embeddable":true,"href":"https:\/\/imagemajato.com.br\/index.php\/wp-json\/wp\/v2\/media\/16355"}],"wp:attachment":[{"href":"https:\/\/imagemajato.com.br\/index.php\/wp-json\/wp\/v2\/media?parent=6282"}],"wp:term":[{"taxonomy":"product_cat","embeddable":true,"href":"https:\/\/imagemajato.com.br\/index.php\/wp-json\/wp\/v2\/product_cat?post=6282"},{"taxonomy":"product_tag","embeddable":true,"href":"https:\/\/imagemajato.com.br\/index.php\/wp-json\/wp\/v2\/product_tag?post=6282"}],"curies":[{"name":"wp","href":"https:\/\/api.w.org\/{rel}","templated":true}]}}