{"id":608,"date":"2019-12-16T15:05:42","date_gmt":"2019-12-16T18:05:42","guid":{"rendered":"http:\/\/imagemajato.com.br\/?post_type=product&#038;p=608"},"modified":"2023-09-29T11:38:02","modified_gmt":"2023-09-29T14:38:02","slug":"camiseta-baby-look","status":"publish","type":"product","link":"https:\/\/imagemajato.com.br\/index.php\/produto\/camiseta-baby-look\/","title":{"rendered":"Camiseta Feminina Baby Look &#8211; Personaliz\u00e1vel"},"content":{"rendered":"<p>Camiseta em poliester. Voc\u00ea pode customizar com centenas de imagens\/desenhos a sua camiseta.<br \/>\nVoc\u00ea pode tamb\u00e9m enviar a imagem\/desenho do seu desejo para customizar. As camisetas de cor escura s\u00e3o customizadas com OBM.<br \/>\nVoc\u00ea pode adicionar imagem na frente e nas costas da camiseta. Ao lado direito quando estiver customizando tem uma camiseta em miniatura com uma seta para cima e outra seta para baixo, ali voc\u00ea escolhe a frente ou costas da camiseta e adiciona a imagem.<br \/>\nPara outras cores\/op\u00e7\u00f5es consulte atrav\u00e9s do whatsapp<\/p>\n","protected":false},"excerpt":{"rendered":"<p><img fetchpriority=\"high\" decoding=\"async\" class=\"alignnone size-medium wp-image-6709\" src=\"http:\/\/imagemajato.com.br\/wp-content\/uploads\/2019\/12\/Medidas-camisa-baby-look-262x300.jpg\" alt=\"\" width=\"262\" height=\"300\" srcset=\"https:\/\/imagemajato.com.br\/wp-content\/uploads\/2019\/12\/Medidas-camisa-baby-look-262x300.jpg 262w, https:\/\/imagemajato.com.br\/wp-content\/uploads\/2019\/12\/Medidas-camisa-baby-look-600x686.jpg 600w, https:\/\/imagemajato.com.br\/wp-content\/uploads\/2019\/12\/Medidas-camisa-baby-look-768x878.jpg 768w, https:\/\/imagemajato.com.br\/wp-content\/uploads\/2019\/12\/Medidas-camisa-baby-look-896x1024.jpg 896w, https:\/\/imagemajato.com.br\/wp-content\/uploads\/2019\/12\/Medidas-camisa-baby-look.jpg 1182w\" sizes=\"(max-width: 262px) 100vw, 262px\" \/><\/p>\n","protected":false},"featured_media":16352,"comment_status":"open","ping_status":"closed","template":"","meta":{"inline_featured_image":false},"product_cat":[19],"product_tag":[],"class_list":{"0":"post-608","1":"product","2":"type-product","3":"status-publish","4":"has-post-thumbnail","6":"product_cat-tshirts","7":"product_shipping_class-com-peso","9":"first","10":"instock","11":"purchasable","12":"product-type-variable","13":"has-default-attributes"},"_links":{"self":[{"href":"https:\/\/imagemajato.com.br\/index.php\/wp-json\/wp\/v2\/product\/608","targetHints":{"allow":["GET"]}}],"collection":[{"href":"https:\/\/imagemajato.com.br\/index.php\/wp-json\/wp\/v2\/product"}],"about":[{"href":"https:\/\/imagemajato.com.br\/index.php\/wp-json\/wp\/v2\/types\/product"}],"replies":[{"embeddable":true,"href":"https:\/\/imagemajato.com.br\/index.php\/wp-json\/wp\/v2\/comments?post=608"}],"wp:featuredmedia":[{"embeddable":true,"href":"https:\/\/imagemajato.com.br\/index.php\/wp-json\/wp\/v2\/media\/16352"}],"wp:attachment":[{"href":"https:\/\/imagemajato.com.br\/index.php\/wp-json\/wp\/v2\/media?parent=608"}],"wp:term":[{"taxonomy":"product_cat","embeddable":true,"href":"https:\/\/imagemajato.com.br\/index.php\/wp-json\/wp\/v2\/product_cat?post=608"},{"taxonomy":"product_tag","embeddable":true,"href":"https:\/\/imagemajato.com.br\/index.php\/wp-json\/wp\/v2\/product_tag?post=608"}],"curies":[{"name":"wp","href":"https:\/\/api.w.org\/{rel}","templated":true}]}}