{"id":15943,"date":"2023-09-14T08:48:04","date_gmt":"2023-09-14T11:48:04","guid":{"rendered":"https:\/\/imagemajato.com.br\/?post_type=product&#038;p=15943"},"modified":"2025-09-29T09:18:55","modified_gmt":"2025-09-29T12:18:55","slug":"camiseta-adulto-personalizavel","status":"publish","type":"product","link":"https:\/\/imagemajato.com.br\/index.php\/produto\/camiseta-adulto-personalizavel\/","title":{"rendered":"Camiseta Adulto &#8211; Personaliz\u00e1vel"},"content":{"rendered":"<p>Camiseta em algod\u00e3o ou poliester. Voc\u00ea pode customizar com centenas de imagens\/desenhos a sua camiseta.<br \/>\nVoc\u00ea pode tamb\u00e9m enviar a imagem\/desenho do seu desejo para customizar. As camisetas de algod\u00e3o ser\u00e3o customizadas com OBM.<br \/>\nVoc\u00ea pode adicionar imagem na frente e nas costas da camiseta. Ao lado direito quando estiver customizando tem uma camiseta em miniatura com uma seta para cima e outra seta para baixo, ali voc\u00ea escolhe a frente ou costas da camiseta e adiciona a imagem.<\/p>\n","protected":false},"excerpt":{"rendered":"<p><img fetchpriority=\"high\" decoding=\"async\" class=\"alignnone size-medium wp-image-6711\" src=\"http:\/\/imagemajato.com.br\/wp-content\/uploads\/2019\/10\/Medidas-camisa-adulto-230x300.jpg\" alt=\"\" width=\"230\" height=\"300\" srcset=\"https:\/\/imagemajato.com.br\/wp-content\/uploads\/2019\/10\/Medidas-camisa-adulto-230x300.jpg 230w, https:\/\/imagemajato.com.br\/wp-content\/uploads\/2019\/10\/Medidas-camisa-adulto-600x783.jpg 600w, https:\/\/imagemajato.com.br\/wp-content\/uploads\/2019\/10\/Medidas-camisa-adulto-768x1002.jpg 768w, https:\/\/imagemajato.com.br\/wp-content\/uploads\/2019\/10\/Medidas-camisa-adulto-785x1024.jpg 785w, https:\/\/imagemajato.com.br\/wp-content\/uploads\/2019\/10\/Medidas-camisa-adulto.jpg 1064w\" sizes=\"(max-width: 230px) 100vw, 230px\" \/><\/p>\n","protected":false},"featured_media":7846,"comment_status":"open","ping_status":"closed","template":"","meta":{"inline_featured_image":false},"product_cat":[19],"product_tag":[],"class_list":{"0":"post-15943","1":"product","2":"type-product","3":"status-publish","4":"has-post-thumbnail","6":"product_cat-tshirts","8":"first","9":"instock","10":"purchasable","11":"product-type-variable","12":"has-default-attributes"},"_links":{"self":[{"href":"https:\/\/imagemajato.com.br\/index.php\/wp-json\/wp\/v2\/product\/15943","targetHints":{"allow":["GET"]}}],"collection":[{"href":"https:\/\/imagemajato.com.br\/index.php\/wp-json\/wp\/v2\/product"}],"about":[{"href":"https:\/\/imagemajato.com.br\/index.php\/wp-json\/wp\/v2\/types\/product"}],"replies":[{"embeddable":true,"href":"https:\/\/imagemajato.com.br\/index.php\/wp-json\/wp\/v2\/comments?post=15943"}],"wp:featuredmedia":[{"embeddable":true,"href":"https:\/\/imagemajato.com.br\/index.php\/wp-json\/wp\/v2\/media\/7846"}],"wp:attachment":[{"href":"https:\/\/imagemajato.com.br\/index.php\/wp-json\/wp\/v2\/media?parent=15943"}],"wp:term":[{"taxonomy":"product_cat","embeddable":true,"href":"https:\/\/imagemajato.com.br\/index.php\/wp-json\/wp\/v2\/product_cat?post=15943"},{"taxonomy":"product_tag","embeddable":true,"href":"https:\/\/imagemajato.com.br\/index.php\/wp-json\/wp\/v2\/product_tag?post=15943"}],"curies":[{"name":"wp","href":"https:\/\/api.w.org\/{rel}","templated":true}]}}