{"id":67,"date":"2019-09-28T17:39:46","date_gmt":"2019-09-28T20:39:46","guid":{"rendered":"http:\/\/imagemajato.com.br\/?page_id=67"},"modified":"2019-11-03T08:13:05","modified_gmt":"2019-11-03T11:13:05","slug":"67-2","status":"publish","type":"page","link":"https:\/\/imagemajato.com.br\/index.php\/67-2\/","title":{"rendered":"Quem somos"},"content":{"rendered":"\n<p>A Estamparia e Consultoria Imagem a Jato \u00e9 uma empresa voltada para customiza\u00e7\u00e3o de produtos. <\/p>\n\n\n\n<p><strong>Objetivo<\/strong><\/p>\n\n\n\n<p>Imprimir estampas num maior numero poss\u00edvel de substratos\/produtos. Nossa meta \u00e9 viabilizar seus sonhos em estampas, tornar real a sua imagina\u00e7\u00e3o a n\u00edvel de estampas. Sabe aquela estampa\/imagem que voc\u00ea sempre quis ter impressa pois agora voc\u00ea pode. Se tiver d\u00favida, entre em contato.<\/p>\n\n\n\n<p><\/p>\n\n\n\n<p><strong>Consultoria<\/strong><\/p>\n\n\n\n<p>Prestamos consultoria com rela\u00e7\u00e3o a duvidas que voc\u00ea tenha para criar seus produtos e\/ou brindes customizados. Sabe aquele detalhe que voc\u00ea gostaria de realizar mas n\u00e3o sabe como? \u00c9 a\u00ed que a imagem a jato se apresenta para lhe ajudar a solucionar essa d\u00favida e viabiliz\u00e1-la.<\/p>\n","protected":false},"excerpt":{"rendered":"<p>A Estamparia e Consultoria Imagem a Jato \u00e9 uma empresa voltada para customiza\u00e7\u00e3o de produtos. Objetivo Imprimir estampas num maior numero poss\u00edvel de substratos\/produtos. Nossa meta \u00e9 viabilizar seus sonhos em estampas, tornar real a sua imagina\u00e7\u00e3o a n\u00edvel de estampas. Sabe aquela estampa\/imagem que voc\u00ea sempre quis ter impressa pois agora voc\u00ea pode. Se [&hellip;]<\/p>\n","protected":false},"author":1,"featured_media":0,"parent":0,"menu_order":0,"comment_status":"closed","ping_status":"closed","template":"","meta":{"inline_featured_image":false,"footnotes":""},"class_list":["post-67","page","type-page","status-publish","hentry"],"_links":{"self":[{"href":"https:\/\/imagemajato.com.br\/index.php\/wp-json\/wp\/v2\/pages\/67","targetHints":{"allow":["GET"]}}],"collection":[{"href":"https:\/\/imagemajato.com.br\/index.php\/wp-json\/wp\/v2\/pages"}],"about":[{"href":"https:\/\/imagemajato.com.br\/index.php\/wp-json\/wp\/v2\/types\/page"}],"author":[{"embeddable":true,"href":"https:\/\/imagemajato.com.br\/index.php\/wp-json\/wp\/v2\/users\/1"}],"replies":[{"embeddable":true,"href":"https:\/\/imagemajato.com.br\/index.php\/wp-json\/wp\/v2\/comments?post=67"}],"version-history":[{"count":5,"href":"https:\/\/imagemajato.com.br\/index.php\/wp-json\/wp\/v2\/pages\/67\/revisions"}],"predecessor-version":[{"id":393,"href":"https:\/\/imagemajato.com.br\/index.php\/wp-json\/wp\/v2\/pages\/67\/revisions\/393"}],"wp:attachment":[{"href":"https:\/\/imagemajato.com.br\/index.php\/wp-json\/wp\/v2\/media?parent=67"}],"curies":[{"name":"wp","href":"https:\/\/api.w.org\/{rel}","templated":true}]}}