{"id":338,"date":"2019-10-31T17:46:09","date_gmt":"2019-10-31T20:46:09","guid":{"rendered":"http:\/\/imagemajato.com.br\/?page_id=338"},"modified":"2019-11-03T09:57:03","modified_gmt":"2019-11-03T12:57:03","slug":"formas-de-envio","status":"publish","type":"page","link":"https:\/\/imagemajato.com.br\/index.php\/formas-de-envio\/","title":{"rendered":"Formas de envio"},"content":{"rendered":"\n<p>Trabalhamos com os correios.<br> Ao digitar seu cep aparecer\u00e1 os pre\u00e7os, esses variam de acordo com sua localiza\u00e7\u00e3o e peso da mercadoria. Voc\u00ea ver\u00e1 o pre\u00e7o do transporte ap\u00f3s adicionar o produto ao carrinho.                                                                                                                            O prazo informado \u00e9 ap\u00f3s a postagem. A aprova\u00e7\u00e3o do pedido \u00e9 feita at\u00e9 1 dia \u00fatil ap\u00f3s a confirma\u00e7\u00e3o do pagamento. <\/p>\n","protected":false},"excerpt":{"rendered":"<p>Trabalhamos com os correios. Ao digitar seu cep aparecer\u00e1 os pre\u00e7os, esses variam de acordo com sua localiza\u00e7\u00e3o e peso da mercadoria. Voc\u00ea ver\u00e1 o pre\u00e7o do transporte ap\u00f3s adicionar o produto ao carrinho. O prazo informado \u00e9 ap\u00f3s a postagem. A aprova\u00e7\u00e3o do pedido \u00e9 feita at\u00e9 1 dia \u00fatil ap\u00f3s a confirma\u00e7\u00e3o do [&hellip;]<\/p>\n","protected":false},"author":1,"featured_media":0,"parent":0,"menu_order":0,"comment_status":"closed","ping_status":"closed","template":"","meta":{"inline_featured_image":false,"footnotes":""},"class_list":["post-338","page","type-page","status-publish","hentry"],"_links":{"self":[{"href":"https:\/\/imagemajato.com.br\/index.php\/wp-json\/wp\/v2\/pages\/338","targetHints":{"allow":["GET"]}}],"collection":[{"href":"https:\/\/imagemajato.com.br\/index.php\/wp-json\/wp\/v2\/pages"}],"about":[{"href":"https:\/\/imagemajato.com.br\/index.php\/wp-json\/wp\/v2\/types\/page"}],"author":[{"embeddable":true,"href":"https:\/\/imagemajato.com.br\/index.php\/wp-json\/wp\/v2\/users\/1"}],"replies":[{"embeddable":true,"href":"https:\/\/imagemajato.com.br\/index.php\/wp-json\/wp\/v2\/comments?post=338"}],"version-history":[{"count":4,"href":"https:\/\/imagemajato.com.br\/index.php\/wp-json\/wp\/v2\/pages\/338\/revisions"}],"predecessor-version":[{"id":409,"href":"https:\/\/imagemajato.com.br\/index.php\/wp-json\/wp\/v2\/pages\/338\/revisions\/409"}],"wp:attachment":[{"href":"https:\/\/imagemajato.com.br\/index.php\/wp-json\/wp\/v2\/media?parent=338"}],"curies":[{"name":"wp","href":"https:\/\/api.w.org\/{rel}","templated":true}]}}