{"id":334,"date":"2019-10-31T17:42:07","date_gmt":"2019-10-31T20:42:07","guid":{"rendered":"http:\/\/imagemajato.com.br\/?page_id=334"},"modified":"2022-08-16T15:48:11","modified_gmt":"2022-08-16T18:48:11","slug":"duvidas-frequentes","status":"publish","type":"page","link":"https:\/\/imagemajato.com.br\/index.php\/duvidas-frequentes\/","title":{"rendered":"D\u00favidas frequentes"},"content":{"rendered":"\n<p><strong>Como me cadastro ?<\/strong>                                                                                                                                                                                                 Ao encerrar as compras ser\u00e1 apresentado o formul\u00e1rio de cadastro, basta seguir as instru\u00e7\u00f5es de preenchimento do formul\u00e1rio.<\/p>\n\n\n\n<p><strong>Esqueci a senha e agora ?                                                                                                                                                                                      No login, abaixo do espa\u00e7o para digitar a senha, ter\u00e1 um link Esqueci Minha Senha. Clique e preencha seu email e n\u00f3s mandaremos no seu email a op\u00e7\u00e3o para troca de senha. Caso tenha alguma dificuldade no processo nos envie uma solicita\u00e7\u00e3o pela Central de atendimento, atrav\u00e9s do nosso email de contato<\/strong> e lhe ajudaremos.<\/p>\n\n\n\n<p><strong>Pedidos<\/strong>                                                                                                                                                                                                                    Como efetuo a troca de um produto ?<br> Qualquer ocorr\u00eancia que envolva troca ou devolu\u00e7\u00e3o deve ser comunicada \u00e0 Central de Atendimento ao Cliente atrav\u00e9s do nosso email de contato em at\u00e9 24 horas contendo o nome e CPF e\/ou n\u00ba do pedido.<\/p>\n\n\n\n<p><strong>Como efetuo o pagamento ?<\/strong>                                                                                                                                                                         Temos disponibilizado no site varias formas de pagamento e voc\u00ea pode escolher a que \u00e9 mais conveniente.<br> Cart\u00f5es de cr\u00e9dito: aceitamos todas as bandeiras de cart\u00f5es de cr\u00e9dito atrav\u00e9s de nosso parceiro pague seguro.<br> Depositos e Transfer\u00eancias : Trabalhamos com banco Ita\u00fa . Ap\u00f3s dep\u00f3sito pedimos que nos envie comprovante por email.<br> Mercado Pago: caso deseje podemos aceitar transfer\u00eancia de valor pelo Mercado Pago. Consulte-nos;<br> Pague Seguro: caso deseje tamb\u00e9m aceitamos transfer\u00eancia de valor da sua conta no Pague seguro. Consulte-nos<\/p>\n\n\n\n<p><strong>Desejo um produto n\u00e3o dispon\u00edvel, como fazer ?<\/strong><br> Trabalhamos com estoque pr\u00f3prio e todos os produtos do site s\u00e3o pronta entrega, e estamos constantemente repondo mercadorias. Portanto nos avise de sua inten\u00e7\u00e3o de um produto indispon\u00edvel para providenciarmos o quanto antes.                                                                                                                                                                                                               Na pr\u00f3pria tela do produto ter\u00e1 a op\u00e7\u00e3o &#8221; Produto indispon\u00edvel. Avise-me quando chegar.&#8221;                                      Preencha o campo e avisaremos assim que o produto chegar. Ou nos mande uma solicita\u00e7\u00e3o pela central de atendimento e lhe daremos uma estimativa do tempo de entrega.<\/p>\n\n\n\n<p><strong>Como customizar um produto antes da compra?<\/strong><\/p>\n\n\n\n<p>Na p\u00e1gina de &#8220;CUSTOMIZA\u00c7\u00c3O&#8221; aparecer\u00e1 uma camiseta, no centro da p\u00e1gina e ao lado esquerdo as cores<\/p>\n\n\n\n<ol class=\"wp-block-list\"><li>1) clicar na cor desejada<\/li><li>2) clicar em cliparti\u00e7\u00f5es, imagens, formas ou textos e escolher uma op\u00e7\u00e3o. <\/li><li>3) Se quiser colocar uma imagem do seu computador, clicar em IMAGENS, no menu a esquerda <\/li><li>4) clicar em &#8221; CLIQUE OU SOLTE AS IMAGENS AQUI&#8221;<\/li><li>5) Vai abrir a op\u00e7\u00e3o do seu computador<\/li><li>6) clique na imagem e confirme ou arraste e solte no local indicado<\/li><li>Esta customiza\u00e7\u00e3o serve para que voc\u00ea possa ver como ficar\u00e1 seu produto. Ap\u00f3s visualizar o seu produto, volte a loja e compre o produto  e siga os procedimentos 1 e 2 novamente.<\/li><\/ol>\n\n\n\n<p><strong>Como customizar um produto ap\u00f3s a compra?<\/strong><\/p>\n\n\n\n<ol class=\"wp-block-list\"><li>1) clicar em &#8220;VER OP\u00c7\u00d5ES&#8221;<\/li><li>2) escolher as op\u00e7\u00f5es de &#8220;cor&#8221;, &#8220;tecido&#8221;, &#8220;tamanho&#8221; e posicionamento da imagem <\/li><li>3) clicar em &#8220;COMPRAR&#8221;<\/li><li>4) clicar em &#8220;CUSTOMIZAR<\/li><li>5) clicar na cor desejada<\/li><li>6) clicar em cliparti\u00e7\u00f5es, imagens, formas ou textos e escolher uma op\u00e7\u00e3o. <\/li><li>7) Se quiser colocar uma imagem do seu computador, clicar em IMAGENS, no menu a esquerda <\/li><li>8) clicar em &#8221; CLIQUE OU SOLTE AS IMAGENS AQUI&#8221;<\/li><li>9) Vai abrir a op\u00e7\u00e3o do seu computador<\/li><li>10) clique na imagem e confirme ou arraste e solte no local indicado<\/li><li>11) Ap\u00f3s visualizar o seu produto, volte a loja e &#8220;FINALIZE A COMPRA&#8221;<\/li><\/ol>\n","protected":false},"excerpt":{"rendered":"<p>Como me cadastro ? Ao encerrar as compras ser\u00e1 apresentado o formul\u00e1rio de cadastro, basta seguir as instru\u00e7\u00f5es de preenchimento do formul\u00e1rio. Esqueci a senha e agora ? No login, abaixo do espa\u00e7o para digitar a senha, ter\u00e1 um link Esqueci Minha Senha. Clique e preencha seu email e n\u00f3s mandaremos no seu email a [&hellip;]<\/p>\n","protected":false},"author":1,"featured_media":0,"parent":0,"menu_order":0,"comment_status":"closed","ping_status":"closed","template":"","meta":{"inline_featured_image":false,"footnotes":""},"class_list":["post-334","page","type-page","status-publish","hentry"],"_links":{"self":[{"href":"https:\/\/imagemajato.com.br\/index.php\/wp-json\/wp\/v2\/pages\/334","targetHints":{"allow":["GET"]}}],"collection":[{"href":"https:\/\/imagemajato.com.br\/index.php\/wp-json\/wp\/v2\/pages"}],"about":[{"href":"https:\/\/imagemajato.com.br\/index.php\/wp-json\/wp\/v2\/types\/page"}],"author":[{"embeddable":true,"href":"https:\/\/imagemajato.com.br\/index.php\/wp-json\/wp\/v2\/users\/1"}],"replies":[{"embeddable":true,"href":"https:\/\/imagemajato.com.br\/index.php\/wp-json\/wp\/v2\/comments?post=334"}],"version-history":[{"count":13,"href":"https:\/\/imagemajato.com.br\/index.php\/wp-json\/wp\/v2\/pages\/334\/revisions"}],"predecessor-version":[{"id":7237,"href":"https:\/\/imagemajato.com.br\/index.php\/wp-json\/wp\/v2\/pages\/334\/revisions\/7237"}],"wp:attachment":[{"href":"https:\/\/imagemajato.com.br\/index.php\/wp-json\/wp\/v2\/media?parent=334"}],"curies":[{"name":"wp","href":"https:\/\/api.w.org\/{rel}","templated":true}]}}