{"id":332,"date":"2019-10-31T17:38:42","date_gmt":"2019-10-31T20:38:42","guid":{"rendered":"http:\/\/imagemajato.com.br\/?page_id=332"},"modified":"2023-09-14T09:01:59","modified_gmt":"2023-09-14T12:01:59","slug":"visao-e-missao","status":"publish","type":"page","link":"https:\/\/imagemajato.com.br\/index.php\/visao-e-missao\/","title":{"rendered":"Vis\u00e3o e Miss\u00e3o"},"content":{"rendered":"\n<p>A vis\u00e3o antecede a miss\u00e3o, algu\u00e9m idealiza algo e se envolve no processo de torn\u00e1-la realidade. <br> N\u00e3o \u00e9 dif\u00edcil entender esse conceito, basta analisarmos as defini\u00e7\u00f5es das duas palavras: <br> Vis\u00e3o &#8211; Id\u00e9ias extravagantes, utopia. <br> Miss\u00e3o \u2013 Fun\u00e7\u00e3o ou poder que se confere a algu\u00e9m para fazer algo, viabilizar a vis\u00e3o. <br> A vis\u00e3o cria enfoque, identifica a dire\u00e7\u00e3o a ser seguida, d\u00e1 poder \u00e0s pessoas e as obriga a seguir em frente. <br> Os gestores, de modo geral, reconhecem que n\u00e3o ter uma vis\u00e3o claramente estabelecida dificulta a determina\u00e7\u00e3o da miss\u00e3o, contundo n\u00e3o sabem cri\u00e1-la. De fato, n\u00e3o \u00e9 tarefa simples. <br> A vis\u00e3o deve ser a mola propulsora das esperan\u00e7as e dos sonhos das pessoas que com ela estejam envolvidas. <\/p>\n","protected":false},"excerpt":{"rendered":"<p>A vis\u00e3o antecede a miss\u00e3o, algu\u00e9m idealiza algo e se envolve no processo de torn\u00e1-la realidade. N\u00e3o \u00e9 dif\u00edcil entender esse conceito, basta analisarmos as defini\u00e7\u00f5es das duas palavras: Vis\u00e3o &#8211; Id\u00e9ias extravagantes, utopia. Miss\u00e3o \u2013 Fun\u00e7\u00e3o ou poder que se confere a algu\u00e9m para fazer algo, viabilizar a vis\u00e3o. A vis\u00e3o cria enfoque, identifica [&hellip;]<\/p>\n","protected":false},"author":1,"featured_media":0,"parent":0,"menu_order":0,"comment_status":"closed","ping_status":"closed","template":"","meta":{"inline_featured_image":false,"footnotes":""},"class_list":["post-332","page","type-page","status-publish","hentry"],"_links":{"self":[{"href":"https:\/\/imagemajato.com.br\/index.php\/wp-json\/wp\/v2\/pages\/332","targetHints":{"allow":["GET"]}}],"collection":[{"href":"https:\/\/imagemajato.com.br\/index.php\/wp-json\/wp\/v2\/pages"}],"about":[{"href":"https:\/\/imagemajato.com.br\/index.php\/wp-json\/wp\/v2\/types\/page"}],"author":[{"embeddable":true,"href":"https:\/\/imagemajato.com.br\/index.php\/wp-json\/wp\/v2\/users\/1"}],"replies":[{"embeddable":true,"href":"https:\/\/imagemajato.com.br\/index.php\/wp-json\/wp\/v2\/comments?post=332"}],"version-history":[{"count":2,"href":"https:\/\/imagemajato.com.br\/index.php\/wp-json\/wp\/v2\/pages\/332\/revisions"}],"predecessor-version":[{"id":394,"href":"https:\/\/imagemajato.com.br\/index.php\/wp-json\/wp\/v2\/pages\/332\/revisions\/394"}],"wp:attachment":[{"href":"https:\/\/imagemajato.com.br\/index.php\/wp-json\/wp\/v2\/media?parent=332"}],"curies":[{"name":"wp","href":"https:\/\/api.w.org\/{rel}","templated":true}]}}