{"id":330,"date":"2019-10-31T17:37:35","date_gmt":"2019-10-31T20:37:35","guid":{"rendered":"http:\/\/imagemajato.com.br\/?page_id=330"},"modified":"2019-11-03T09:54:06","modified_gmt":"2019-11-03T12:54:06","slug":"politica-de-privacidade-e-seguranca","status":"publish","type":"page","link":"https:\/\/imagemajato.com.br\/index.php\/politica-de-privacidade-e-seguranca\/","title":{"rendered":"Pol\u00edtica de privacidade e Seguran\u00e7a"},"content":{"rendered":"\n<p>Nossa loja respeita o sigilo de suas informa\u00e7\u00f5es e garante que seus dados s\u00e3o totalmente inacess\u00edveis por terceiros. Todas as informa\u00e7\u00f5es fornecidas em nosso site s\u00e3o de uso exclusivo para o procedimento de compra, personaliza\u00e7\u00e3o, facilita\u00e7\u00e3o e n\u00e3o s\u00e3o disponibilizadas a terceiros. Os dados fornecidos s\u00e3o registrados em nosso banco de dados de forma automatizada e armazenados com total seguran\u00e7a sem a interven\u00e7\u00e3o humana.                   Os e-mails e telefones disponibilizados s\u00e3o utilizados apenas para contatos referentes \u00e0s compras realizadas em nosso site.<\/p>\n\n\n\n<p>Com pr\u00e9via autoriza\u00e7\u00e3o dos clientes, enviamos e-mails informando as promo\u00e7\u00f5es vigentes em nossa loja, por\u00e9m nossos clientes podem solicitar o n\u00e3o recebimento das ofertas.<\/p>\n\n\n\n<p>N\u00e3o h\u00e1 o armazenamento de informa\u00e7\u00f5es que n\u00e3o sejam necess\u00e1rias para a efetiva\u00e7\u00e3o da compra.<\/p>\n\n\n\n<p>O uso do CPF \u00e9 exigido por Lei para a emiss\u00e3o de notas fiscais e para o envio de mercadorias.<\/p>\n\n\n\n<p>As senhas fornecidas em nosso banco de dados s\u00e3o arquivadas de maneira criptografada, permitindo que apenas o dono do cadastro tenha conhecimento.<\/p>\n\n\n\n<p>Os n\u00fameros de cart\u00f5es de cr\u00e9dito fornecidos s\u00e3o registrados diretamente no banco de dados das administradoras de cart\u00e3o, n\u00e3o permitindo o acesso a essas informa\u00e7\u00f5es por parte do lojista. Ao informar os dados para a administradora, essa realiza a verifica\u00e7\u00e3o da transa\u00e7\u00e3o on-line e retorna apenas se a compra est\u00e1 liberada ou n\u00e3o.<\/p>\n\n\n\n<p>\u00b7    <strong>Cookies<\/strong>                                                                                                                                                                                                                   Esta \u00e9 uma loja 100% segura e utiliza a tecnologia de Cookies apenas para proporcionar mais facilidade no momento de sua compra. O objetivo do Cookie \u00e9 customizar ao m\u00e1ximo sua navega\u00e7\u00e3o no site, permitindo maior facilidade e agilidade no processo de compras.<br> \u00b7    Compra 100% Segura\u00b7   Para garantir uma opera\u00e7\u00e3o 100% segura, os dados de sua compra s\u00e3o criptografados.      A criptografia \u00e9 um sistema de codifica\u00e7\u00e3o de informa\u00e7\u00f5es criado para garantir que ningu\u00e9m, em nenhuma hip\u00f3tese, tenha acesso aos seus dados. Nenhuma informa\u00e7\u00e3o trafega pela rede sem ser criptografada, utilizando os melhores sistemas dispon\u00edveis no mercado. A prote\u00e7\u00e3o \u00e9 absoluta.<\/p>\n","protected":false},"excerpt":{"rendered":"<p>Nossa loja respeita o sigilo de suas informa\u00e7\u00f5es e garante que seus dados s\u00e3o totalmente inacess\u00edveis por terceiros. Todas as informa\u00e7\u00f5es fornecidas em nosso site s\u00e3o de uso exclusivo para o procedimento de compra, personaliza\u00e7\u00e3o, facilita\u00e7\u00e3o e n\u00e3o s\u00e3o disponibilizadas a terceiros. Os dados fornecidos s\u00e3o registrados em nosso banco de dados de forma automatizada [&hellip;]<\/p>\n","protected":false},"author":1,"featured_media":0,"parent":0,"menu_order":0,"comment_status":"closed","ping_status":"closed","template":"","meta":{"inline_featured_image":false,"footnotes":""},"class_list":["post-330","page","type-page","status-publish","hentry"],"_links":{"self":[{"href":"https:\/\/imagemajato.com.br\/index.php\/wp-json\/wp\/v2\/pages\/330","targetHints":{"allow":["GET"]}}],"collection":[{"href":"https:\/\/imagemajato.com.br\/index.php\/wp-json\/wp\/v2\/pages"}],"about":[{"href":"https:\/\/imagemajato.com.br\/index.php\/wp-json\/wp\/v2\/types\/page"}],"author":[{"embeddable":true,"href":"https:\/\/imagemajato.com.br\/index.php\/wp-json\/wp\/v2\/users\/1"}],"replies":[{"embeddable":true,"href":"https:\/\/imagemajato.com.br\/index.php\/wp-json\/wp\/v2\/comments?post=330"}],"version-history":[{"count":3,"href":"https:\/\/imagemajato.com.br\/index.php\/wp-json\/wp\/v2\/pages\/330\/revisions"}],"predecessor-version":[{"id":408,"href":"https:\/\/imagemajato.com.br\/index.php\/wp-json\/wp\/v2\/pages\/330\/revisions\/408"}],"wp:attachment":[{"href":"https:\/\/imagemajato.com.br\/index.php\/wp-json\/wp\/v2\/media?parent=330"}],"curies":[{"name":"wp","href":"https:\/\/api.w.org\/{rel}","templated":true}]}}